{"id":54918,"date":"2017-02-21T00:29:19","date_gmt":"2017-02-20T23:29:19","guid":{"rendered":"https:\/\/lionofveniceapartments.com\/?page_id=54918&#038;lang=it"},"modified":"2024-01-11T17:50:20","modified_gmt":"2024-01-11T16:50:20","slug":"ca-rio-marin","status":"publish","type":"page","link":"https:\/\/lionofveniceapartments.com\/it\/ca-rio-marin\/","title":{"rendered":"Ca&#8217; Rio Marin"},"content":{"rendered":"<section class=\"wpb-content-wrapper\"><p>[vc_row row_height_percent=&#8221;0&#8243; override_padding=&#8221;yes&#8221; h_padding=&#8221;1&#8243; top_padding=&#8221;6&#8243; bottom_padding=&#8221;6&#8243; back_color=&#8221;color-lxmt&#8221; back_image=&#8221;54689&#8243; back_position=&#8221;center center&#8221; parallax=&#8221;yes&#8221; overlay_color=&#8221;color-jevc&#8221; overlay_alpha=&#8221;30&#8243; gutter_size=&#8221;100&#8243; shift_y=&#8221;0&#8243; style=&#8221;dark&#8221; row_name=&#8221;Design &amp; Quality&#8221; back_size=&#8221;cover&#8221;][vc_column column_width_percent=&#8221;100&#8243; align_horizontal=&#8221;align_center&#8221; gutter_size=&#8221;5&#8243; overlay_alpha=&#8221;52&#8243; shift_x=&#8221;0&#8243; shift_y=&#8221;0&#8243; z_index=&#8221;0&#8243; medium_width=&#8221;0&#8243; zoom_width=&#8221;0&#8243; zoom_height=&#8221;0&#8243; width=&#8221;1\/1&#8243; css=&#8221;.vc_custom_1486504444768{padding-top: 0px !important;padding-right: 0px !important;padding-bottom: 0px !important;padding-left: 0px !important;}&#8221;][vc_custom_heading text_color=&#8221;color-xsdn&#8221; heading_semantic=&#8221;h1&#8243; text_font=&#8221;font-202503&#8243; text_size=&#8221;fontsize-445851&#8243; text_weight=&#8221;300&#8243; sub_lead=&#8221;yes&#8221; css_animation=&#8221;alpha-anim&#8221; animation_speed=&#8221;600&#8243;]Ca&#8217;\u00a0Rio Marin[\/vc_custom_heading][\/vc_column][\/vc_row][vc_row unlock_row_content=&#8221;yes&#8221; row_height_percent=&#8221;75&#8243; override_padding=&#8221;yes&#8221; h_padding=&#8221;0&#8243; top_padding=&#8221;0&#8243; bottom_padding=&#8221;0&#8243; overlay_alpha=&#8221;100&#8243; equal_height=&#8221;yes&#8221; gutter_size=&#8221;0&#8243; shift_y=&#8221;0&#8243; style=&#8221;inherited&#8221;][vc_column column_width_percent=&#8221;80&#8243; position_vertical=&#8221;middle&#8221; gutter_size=&#8221;3&#8243; override_padding=&#8221;yes&#8221; column_padding=&#8221;0&#8243; back_color=&#8221;color-lxmt&#8221; overlay_alpha=&#8221;100&#8243; shift_x=&#8221;0&#8243; shift_y=&#8221;0&#8243; z_index=&#8221;0&#8243; medium_width=&#8221;4&#8243; zoom_width=&#8221;0&#8243; zoom_height=&#8221;0&#8243; width=&#8221;1\/2&#8243;][vc_custom_heading text_font=&#8221;font-202503&#8243; text_size=&#8221;fontsize-155944&#8243; text_weight=&#8221;400&#8243; sub_lead=&#8221;yes&#8221; text_uppercase=&#8221;&#8221; subheading=&#8221;E&#8217; una graziosa e particolare abitazione del 1600 di nuovissima ristrutturazione , luminosa , con una suggestiva vista sull&#8217; affascinante canale &#8221;Rio Marin&#8221; . Completamente indipendente. E&#8217; disposta su 2 piani: il piano terra presenta una suggestiva travatura a vista. Il caldo salotto con caminetto , la TV sat e divano letto matrimoniale rendono pi\u00f9 confortevole la permanenza. Al piano terra c&#8217;\u00e8 una caratteristica cucina e un bagno fenestrato con doccia e lavatrice. Al primo piano c&#8217;\u00e8 una luminosa ed elegante camera matrimoniale con vista canale, una accogliente camera con 2 letti .Da entrambe le camere vi \u00e8 la possibilit\u00e0 di accedere allo spazioso bagno con vasca ad idromassaggio. L&#8217;arredamento e le finiture sono di pregio ed in tipico stile veneziano . L&#8217;abitazione ha complessivamente 4 posti letto + 2 .&#8221;][\/vc_custom_heading][\/vc_column][vc_column column_width_percent=&#8221;100&#8243; position_horizontal=&#8221;left&#8221; gutter_size=&#8221;3&#8243; back_image=&#8221;54687&#8243; back_position=&#8221;center center&#8221; parallax=&#8221;yes&#8221; overlay_alpha=&#8221;100&#8243; shift_x=&#8221;0&#8243; shift_y=&#8221;0&#8243; z_index=&#8221;0&#8243; medium_width=&#8221;4&#8243; zoom_width=&#8221;0&#8243; zoom_height=&#8221;0&#8243; width=&#8221;1\/2&#8243; mobile_height=&#8221;300&#8243;][\/vc_column][\/vc_row][vc_row unlock_row_content=&#8221;yes&#8221; row_height_percent=&#8221;75&#8243; override_padding=&#8221;yes&#8221; h_padding=&#8221;0&#8243; top_padding=&#8221;0&#8243; bottom_padding=&#8221;0&#8243; overlay_alpha=&#8221;100&#8243; equal_height=&#8221;yes&#8221; gutter_size=&#8221;0&#8243; shift_y=&#8221;0&#8243; style=&#8221;inherited&#8221;][vc_column column_width_percent=&#8221;100&#8243; position_horizontal=&#8221;left&#8221; gutter_size=&#8221;3&#8243; back_image=&#8221;54691&#8243; back_position=&#8221;center center&#8221; parallax=&#8221;yes&#8221; overlay_alpha=&#8221;100&#8243; shift_x=&#8221;0&#8243; shift_y=&#8221;0&#8243; z_index=&#8221;0&#8243; medium_width=&#8221;4&#8243; zoom_width=&#8221;0&#8243; zoom_height=&#8221;0&#8243; width=&#8221;1\/2&#8243; mobile_height=&#8221;300&#8243;][\/vc_column][vc_column column_width_percent=&#8221;80&#8243; position_vertical=&#8221;middle&#8221; gutter_size=&#8221;3&#8243; override_padding=&#8221;yes&#8221; column_padding=&#8221;2&#8243; back_color=&#8221;color-lxmt&#8221; overlay_alpha=&#8221;100&#8243; shift_x=&#8221;0&#8243; shift_y=&#8221;0&#8243; z_index=&#8221;0&#8243; medium_width=&#8221;4&#8243; zoom_width=&#8221;0&#8243; zoom_height=&#8221;0&#8243; width=&#8221;1\/2&#8243;][vc_custom_heading text_font=&#8221;font-202503&#8243; text_size=&#8221;fontsize-155944&#8243; text_weight=&#8221;400&#8243; sub_lead=&#8221;yes&#8221; text_uppercase=&#8221;&#8221;]Come a casa tua[\/vc_custom_heading][\/vc_column][\/vc_row][vc_row unlock_row_content=&#8221;yes&#8221; row_height_percent=&#8221;75&#8243; override_padding=&#8221;yes&#8221; h_padding=&#8221;0&#8243; top_padding=&#8221;0&#8243; bottom_padding=&#8221;0&#8243; overlay_alpha=&#8221;100&#8243; equal_height=&#8221;yes&#8221; gutter_size=&#8221;0&#8243; shift_y=&#8221;0&#8243; style=&#8221;inherited&#8221;][vc_column column_width_percent=&#8221;80&#8243; position_vertical=&#8221;middle&#8221; gutter_size=&#8221;3&#8243; override_padding=&#8221;yes&#8221; column_padding=&#8221;2&#8243; back_color=&#8221;color-lxmt&#8221; overlay_alpha=&#8221;100&#8243; shift_x=&#8221;0&#8243; shift_y=&#8221;0&#8243; z_index=&#8221;0&#8243; medium_width=&#8221;4&#8243; zoom_width=&#8221;0&#8243; zoom_height=&#8221;0&#8243; width=&#8221;1\/2&#8243;][vc_custom_heading text_font=&#8221;font-202503&#8243; text_size=&#8221;fontsize-155944&#8243; text_weight=&#8221;400&#8243; sub_lead=&#8221;yes&#8221; text_uppercase=&#8221;&#8221; subheading=&#8221;abitazione completamente indipendente , disposto su due piani ,di circa 90 mq.<br \/>\nposti letto 4+2<br \/>\nvista canale &#8216;Rio Marin&#8217;<br \/>\ningresso<br \/>\ncucina ( microonde , forno , cappa aspirante , stoviglie , lavastoviglie , frigorifero con congelatore , bollitore tostapane ,ecc.)<br \/>\nsalotto con poltrona e divano letto<br \/>\nTV\/SAT<br \/>\nHI\/FI<br \/>\ncaminetto (non funzionante )<br \/>\ncamera matrimoniale con cassaforte<br \/>\ncamera matrimoniale con due letti e scrittoio<br \/>\nbagno fenestrato al piano terra con doccia<br \/>\nbagno fenestrato al piano primo con jacuzzi<br \/>\nasciugacapelli<br \/>\nlavatrice e asciugatrice<br \/>\nasse e ferro da stiro<br \/>\nbiancheria per 4\/6 persone<br \/>\ncameretta ripostiglio<br \/>\naria condizionata e riscaldamento autonomo<br \/>\nimpianto rilevatore di fumo antincendio<br \/>\nculla per neonati ( a richiesta)<br \/>\nconnessione internet WI\/FI ( a pagamento)&#8221;][\/vc_custom_heading][\/vc_column][vc_column column_width_percent=&#8221;100&#8243; position_horizontal=&#8221;left&#8221; gutter_size=&#8221;3&#8243; override_padding=&#8221;yes&#8221; column_padding=&#8221;0&#8243; back_image=&#8221;54690&#8243; back_position=&#8221;center bottom&#8221; parallax=&#8221;yes&#8221; overlay_color=&#8221;color-wayh&#8221; overlay_alpha=&#8221;5&#8243; shift_x=&#8221;0&#8243; shift_y=&#8221;0&#8243; z_index=&#8221;0&#8243; medium_width=&#8221;4&#8243; zoom_width=&#8221;0&#8243; zoom_height=&#8221;0&#8243; width=&#8221;1\/2&#8243; mobile_height=&#8221;300&#8243;][\/vc_column][\/vc_row][vc_row unlock_row_content=&#8221;yes&#8221; row_height_percent=&#8221;75&#8243; override_padding=&#8221;yes&#8221; h_padding=&#8221;0&#8243; top_padding=&#8221;0&#8243; bottom_padding=&#8221;0&#8243; overlay_alpha=&#8221;100&#8243; equal_height=&#8221;yes&#8221; gutter_size=&#8221;0&#8243; shift_y=&#8221;0&#8243; style=&#8221;inherited&#8221;][vc_column column_width_percent=&#8221;100&#8243; position_horizontal=&#8221;left&#8221; gutter_size=&#8221;3&#8243; back_image=&#8221;54699&#8243; back_position=&#8221;center center&#8221; parallax=&#8221;yes&#8221; overlay_alpha=&#8221;100&#8243; shift_x=&#8221;0&#8243; shift_y=&#8221;0&#8243; z_index=&#8221;0&#8243; medium_width=&#8221;4&#8243; zoom_width=&#8221;0&#8243; zoom_height=&#8221;0&#8243; width=&#8221;1\/2&#8243; mobile_height=&#8221;300&#8243;][\/vc_column][vc_column column_width_percent=&#8221;80&#8243; position_vertical=&#8221;middle&#8221; gutter_size=&#8221;3&#8243; override_padding=&#8221;yes&#8221; column_padding=&#8221;2&#8243; back_color=&#8221;color-lxmt&#8221; overlay_alpha=&#8221;100&#8243; shift_x=&#8221;0&#8243; shift_y=&#8221;0&#8243; z_index=&#8221;0&#8243; medium_width=&#8221;4&#8243; zoom_width=&#8221;0&#8243; zoom_height=&#8221;0&#8243; width=&#8221;1\/2&#8243;][vc_custom_heading text_font=&#8221;font-202503&#8243; text_size=&#8221;fontsize-155944&#8243; text_weight=&#8221;400&#8243; sub_lead=&#8221;yes&#8221; text_uppercase=&#8221;&#8221; subheading=&#8221;E&#8217; situata nel Sestiere di Santa Croce, il cuore antico della citt\u00e0 da dove \u00e8 possibile, in pochi minuti, raggiungere facilmente la stazione ferroviaria e Piazzale Roma ( auto park) ed i principali terminal veneziani. In poco pi\u00f9 di dieci minuti a piedi si possono raggiungere Rialto , S. Marco , l&#8217;Accademia , piazzale Roma , la basilica dei Frari, S. Giacomo dell&#8217;Orio e molte altre, inoltre \u00e8 vicino al casin\u00f2 ai pi\u00f9 famosi musei del centro storico. Nei pressi c&#8217;\u00e8 una comoda fermata del vaporetto di Riva de Biasio. E&#8217; facilmente raggiungibile con il taxi ( boat) o gondola per il comodo approdo davanti alla porta d&#8217;entrata.<br \/>\nLa zona dove \u00e8 situata l&#8217;abitazione \u00e8 una delle zone pi\u00f9 tipiche di Venezia e famosa per i numerosi tipici ristoranti ed i caratteristici negozi . Nei pressi \u00e8 possibile trovare (servizi di ogni genere di prima necessit\u00e0 supermarket (100 metri ) \/ farmacia\/medico \/ mercato del pesce e della frutta\/ osterie tipiche veneziane\/ ristoranti\/ pizzerie ecc. Per gli appassionati di golf si ricorda che al Lido di Venezia c&#8217;\u00e8 uno dei pi\u00f9 rinomati club del golf italiani a pochi minuti di motoscafo dalla abitazione .&#8221;]Santa Croce<\/p>\n<p>Nel cuore<br \/>\ndel centro antico[\/vc_custom_heading][\/vc_column][\/vc_row][vc_row unlock_row_content=&#8221;yes&#8221; row_height_percent=&#8221;0&#8243; override_padding=&#8221;yes&#8221; h_padding=&#8221;2&#8243; top_padding=&#8221;5&#8243; bottom_padding=&#8221;5&#8243; back_color=&#8221;color-rgdb&#8221; overlay_alpha=&#8221;100&#8243; gutter_size=&#8221;3&#8243; shift_y=&#8221;0&#8243; row_name=&#8221;Gallery&#8221;][vc_column column_width_use_pixel=&#8221;yes&#8221; align_horizontal=&#8221;align_center&#8221; gutter_size=&#8221;3&#8243; style=&#8221;dark&#8221; overlay_alpha=&#8221;50&#8243; shift_x=&#8221;0&#8243; shift_y=&#8221;0&#8243; medium_width=&#8221;0&#8243; zoom_width=&#8221;0&#8243; zoom_height=&#8221;0&#8243; column_width_pixel=&#8221;1400&#8243;][vc_custom_heading heading_semantic=&#8221;h1&#8243; text_font=&#8221;font-202503&#8243; text_size=&#8221;fontsize-155944&#8243; text_weight=&#8221;500&#8243; text_transform=&#8221;uppercase&#8221; separator=&#8221;yes&#8221; sub_lead=&#8221;yes&#8221;]Media Gallery[\/vc_custom_heading][vc_gallery el_id=&#8221;gallery-47626&#8243; type=&#8221;carousel&#8221; medias=&#8221;54699,54691,54690,54689,54688,54687,54704,54705,54706,54707,54708,54709,54710,54711,54712,54713,54714,54715,54716,54717,54718,54719&#8243; carousel_lg=&#8221;3&#8243; carousel_md=&#8221;2&#8243; carousel_sm=&#8221;1&#8243; thumb_size=&#8221;one-one&#8221; gutter_size=&#8221;2&#8243; media_items=&#8221;media,icon&#8221; carousel_interval=&#8221;3000&#8243; carousel_navspeed=&#8221;400&#8243; carousel_nav=&#8221;yes&#8221; carousel_dots=&#8221;yes&#8221; single_overlay_opacity=&#8221;50&#8243; single_image_anim=&#8221;no&#8221; single_h_align=&#8221;center&#8221; single_padding=&#8221;2&#8243; single_icon=&#8221;fa fa-search3&#8243; single_shadow=&#8221;yes&#8221; single_border=&#8221;yes&#8221; carousel_rtl=&#8221;&#8221; single_title_uppercase=&#8221;&#8221;][\/vc_column][\/vc_row][vc_row unlock_row=&#8221;&#8221; row_height_percent=&#8221;0&#8243; override_padding=&#8221;yes&#8221; h_padding=&#8221;2&#8243; top_padding=&#8221;2&#8243; bottom_padding=&#8221;5&#8243; overlay_alpha=&#8221;100&#8243; gutter_size=&#8221;3&#8243; column_width_percent=&#8221;100&#8243; shift_y=&#8221;0&#8243; z_index=&#8221;0&#8243; desktop_visibility=&#8221;yes&#8221; medium_visibility=&#8221;yes&#8221; mobile_visibility=&#8221;yes&#8221; uncode_shortcode_id=&#8221;155104&#8243;][vc_column column_width_use_pixel=&#8221;yes&#8221; align_horizontal=&#8221;align_center&#8221; gutter_size=&#8221;3&#8243; overlay_alpha=&#8221;50&#8243; shift_x=&#8221;0&#8243; shift_y=&#8221;0&#8243; z_index=&#8221;0&#8243; align_medium=&#8221;align_center_tablet&#8221; medium_width=&#8221;0&#8243; align_mobile=&#8221;align_center_mobile&#8221; zoom_width=&#8221;0&#8243; zoom_height=&#8221;0&#8243;][vc_custom_heading heading_semantic=&#8221;h1&#8243; text_font=&#8221;font-202503&#8243; text_size=&#8221;fontsize-155944&#8243; text_weight=&#8221;500&#8243; text_transform=&#8221;uppercase&#8221; separator=&#8221;yes&#8221; sub_lead=&#8221;yes&#8221;]Prezzi[\/vc_custom_heading][vc_column_text][boom-bookable-list-price resourceid=&#8221;54873&#8243;][\/vc_column_text][uncode_pricing price_color=&#8221;,Default&#8221;][\/vc_column][\/vc_row][vc_row unlock_row_content=&#8221;yes&#8221; row_height_percent=&#8221;0&#8243; override_padding=&#8221;yes&#8221; h_padding=&#8221;2&#8243; top_padding=&#8221;1&#8243; bottom_padding=&#8221;1&#8243; overlay_alpha=&#8221;0&#8243; equal_height=&#8221;yes&#8221; gutter_size=&#8221;0&#8243; column_width_percent=&#8221;100&#8243; shift_y=&#8221;0&#8243; z_index=&#8221;0&#8243; uncode_shortcode_id=&#8221;331010&#8243; shape_dividers=&#8221;&#8221;][vc_column column_width_percent=&#8221;100&#8243; position_vertical=&#8221;middle&#8221; align_horizontal=&#8221;align_center&#8221; gutter_size=&#8221;3&#8243; override_padding=&#8221;yes&#8221; column_padding=&#8221;3&#8243; style=&#8221;dark&#8221; overlay_alpha=&#8221;50&#8243; shift_x=&#8221;0&#8243; shift_y=&#8221;0&#8243; z_index=&#8221;0&#8243; medium_width=&#8221;0&#8243; zoom_width=&#8221;0&#8243; zoom_height=&#8221;0&#8243; width=&#8221;1\/1&#8243;][vc_custom_heading text_color=&#8221;color-jevc&#8221; heading_semantic=&#8221;h1&#8243; text_font=&#8221;font-202503&#8243; text_size=&#8221;fontsize-155944&#8243; text_weight=&#8221;500&#8243; text_transform=&#8221;uppercase&#8221; separator=&#8221;yes&#8221; sub_lead=&#8221;yes&#8221; uncode_shortcode_id=&#8221;179530&#8243; text_color_type=&#8221;uncode-palette&#8221;]Posizione[\/vc_custom_heading][vc_gmaps latlon=&#8221;45.440478,12.323981&#8243; size=&#8221;500&#8243; map_color=&#8221;color-rgdb&#8221; ui_color=&#8221;color-wayh&#8221; zoom=&#8221;16&#8243; map_saturation=&#8221;-28&#8243; map_brightness=&#8221;39&#8243; address=&#8221;Sestiere Santa Croce, 877, 30135 Venice, Italy&#8221;][\/vc_column][\/vc_row][vc_row row_height_percent=&#8221;75&#8243; override_padding=&#8221;yes&#8221; h_padding=&#8221;0&#8243; top_padding=&#8221;3&#8243; bottom_padding=&#8221;1&#8243; back_color=&#8221;color-wayh&#8221; overlay_alpha=&#8221;50&#8243; equal_height=&#8221;yes&#8221; gutter_size=&#8221;0&#8243; column_width_percent=&#8221;100&#8243; shift_y=&#8221;0&#8243; z_index=&#8221;0&#8243; uncode_shortcode_id=&#8221;189956&#8243; back_color_type=&#8221;uncode-palette&#8221; el_id=&#8221;booking&#8221;][vc_column column_width_percent=&#8221;100&#8243; align_horizontal=&#8221;align_center&#8221; gutter_size=&#8221;3&#8243; override_padding=&#8221;yes&#8221; column_padding=&#8221;0&#8243; overlay_alpha=&#8221;50&#8243; shift_x=&#8221;0&#8243; shift_y=&#8221;0&#8243; z_index=&#8221;0&#8243; medium_width=&#8221;0&#8243; zoom_width=&#8221;0&#8243; zoom_height=&#8221;0&#8243; width=&#8221;1\/1&#8243;][vc_custom_heading text_color=&#8221;color-xsdn&#8221; heading_semantic=&#8221;h1&#8243; text_font=&#8221;font-202503&#8243; text_size=&#8221;fontsize-155944&#8243; text_weight=&#8221;500&#8243; text_transform=&#8221;uppercase&#8221; text_space=&#8221;fontspace-210350&#8243; separator=&#8221;yes&#8221; sub_lead=&#8221;yes&#8221;]Prenota[\/vc_custom_heading][vc_column_text uncode_shortcode_id=&#8221;191711&#8243; el_class=&#8221;ns-booking-form&#8221;] <div id=\"form_id1562546046160\"  class=\"wpbc_container wpbc_container_booking_form  wpdevelop \" ><form  id=\"booking_form2\"   class=\"booking_form vertical\" method=\"post\" action=\"\"><div id=\"ajax_respond_insert2\" class=\"ajax_respond_insert\" style=\"display:none;\"><\/div><div class=\"booking_form_div\"><div class=\"wpbc_calendar_wraper wpbc_change_over_triangle\"><div class=\"bk_calendar_frame wpbc_no_custom_width  months_num_in_row_ cal_month_num_1\" style=\"\"><div id=\"calendar_booking2\">Il calendario \u00e8 in caricamento...<\/div><\/div><textarea id=\"date_booking2\" name=\"date_booking2\" autocomplete=\"off\" style=\"display:none;\"><\/textarea><div class=\"block_hints datepick \"><div class=\"wpdev_hint_with_text\"><div class=\"block_free datepick-days-cell\"><a>&nbsp;<\/a><\/div><div class=\"block_text\">- <\/div><div class=\"block_text\">Available<\/div><\/div><div class=\"wpdev_hint_with_text\"><div class=\"block_booked date_approved\">&nbsp;<\/div><div class=\"block_text\">- <\/div><div class=\"block_text\">Booked<\/div><\/div><div class=\"wpdev_hint_with_text\"><div class=\"block_pending date2approve\">&nbsp;<\/div><div class=\"block_text\">- <\/div><div class=\"block_text\">Pending<\/div><\/div><\/div><\/div><\/div><div style=\"clear:both;height:10px;\"><\/div><a name=\"bklnk2\" id=\"bklnk2\"><\/a><div id=\"booking_form_div2\" class=\"booking_form_div\"><p>Nome*:<br \/><span class=\"wpbc_wrap_text wpdev-form-control-wrap name2\"><input type=\"text\" name=\"name2\" value=\"\" autocomplete=\"name\" class=\"wpdev-validates-as-required\" size=\"40\" \/><\/span><\/p>\r\n     <p>Cognome*:<br \/><span class=\"wpbc_wrap_text wpdev-form-control-wrap secondname2\"><input type=\"text\" name=\"secondname2\" value=\"\" autocomplete=\"secondname\" class=\"wpdev-validates-as-required\" size=\"40\" \/><\/span><\/p>\r\n     <p>Email*:<br \/><span class=\"wpbc_wrap_text wpdev-form-control-wrap email2\"><input type=\"text\" name=\"email2\" value=\"\" autocomplete=\"email\" class=\"wpdev-validates-as-email wpdev-validates-as-required\" size=\"40\" \/><\/span><\/p>\r\n     <p>Numero di persone*:<br \/><span class=\"wpbc_wrap_select wpdev-form-control-wrap visitors2\"><select onchange=\"javascript:if(typeof( showCostHintInsideBkForm ) == 'function') {  showCostHintInsideBkForm(2);}\" name=\"visitors2\" autocomplete=\"visitors\" class=\"wpdev-validates-as-required\"><option value=\"1\">1<\/option><option value=\"2\">2<\/option><option value=\"3\">3<\/option><option value=\"4\">4<\/option><option value=\"5\">5<\/option><option value=\"6\">6<\/option><\/select><\/span><\/p>\r\n     <p>Numero di telefono*:<br \/><span class=\"wpbc_wrap_text wpdev-form-control-wrap phone2\"><input type=\"text\" name=\"phone2\" value=\"\" autocomplete=\"phone\" class=\"wpdev-validates-as-required\" size=\"40\" \/><\/span><\/p>\r\n     <p><input type=\"button\" value=\"Invia richiesta\" class=\"wpbc_button_light btn\" onclick=\"mybooking_submit(this.form,2, 'it_IT' );\" \/><img decoding=\"async\" class=\"ajax-loader\"  style=\"vertical-align:middle;box-shadow:none;width:14px;visibility: hidden;\" alt=\"ajax loader\" src=\"https:\/\/lionofveniceapartments.com\/wp-content\/plugins\/booking.personal.9.9\/assets\/img\/ajax-loader.gif\" \/><\/p>\r\n  <\/div>\r\n<\/div>\r\n<div class=\"wpbc_booking_form_footer\"><\/div><input id=\"bk_type2\" name=\"bk_type2\" class=\"\" type=\"hidden\" value=\"2\" \/><\/div><div id=\"submiting2\"><\/div><div class=\"form_bk_messages\" id=\"form_bk_messages2\" ><\/div><input type=\"hidden\" id=\"wpbc_nonceCALCULATE_THE_COST2\" name=\"wpbc_nonceCALCULATE_THE_COST2\" value=\"3e2536b5b7\" \/><input type=\"hidden\" name=\"_wp_http_referer\" value=\"\/it\/wp-json\/wp\/v2\/pages\/54918\" \/><\/form><\/div><div id=\"booking_form_garbage2\" class=\"booking_form_garbage\"><\/div><script type=\"text\/javascript\">\n                                jQuery(document).ready( function(){\n                                    jQuery(\".widget_wpdev_booking .booking_form.form-horizontal\").removeClass(\"form-horizontal\");\n                                    var visible_booking_id_on_page_num = visible_booking_id_on_page.length;\n                                    if (visible_booking_id_on_page_num !== null ) {\n                                        for (var i=0;i< visible_booking_id_on_page_num ;i++){\n                                          if ( visible_booking_id_on_page[i]==\"booking_form_div2\" ) {\n                                              document.getElementById(\"form_id1562546046160\").innerHTML = \"<span style='color:#A00;font-size:10px;'>\ufeffAttenzione! il calendario prenotazione per questa risorsa di prenotazione \u00e8 gi\u00e0 nella pagina, per favore controllare di pi\u00f9 su questo problema a questa pagina : https:\/\/wpbookingcalendar.com\/faq\/why-the-booking-calendar-widget-not-show-on-page\/<\/span>\";                                                                                                  \n                                              jQuery(\"#form_id1562546046160\").animate( {opacity: 1}, 10000 ).fadeOut(5000);\n                                              return;\n                                          }\n                                        }\n                                        visible_booking_id_on_page[ visible_booking_id_on_page_num ]=\"booking_form_div2\";\n                                    }\n                                });\n                            <\/script> <script type='text\/javascript'> jQuery(document).ready( function(){  _wpbc.balancer__set_max_threads( 3 );  _wpbc.calendar__set_param_value( 2 , 'calendar_scroll_to' , false );  _wpbc.calendar__set_param_value( 2 , 'booking_max_monthes_in_calendar' , '1y' );  _wpbc.calendar__set_param_value( 2 , 'booking_start_day_weeek' , '1' );  _wpbc.calendar__set_param_value( 2 , 'calendar_number_of_months' , '1' );   _wpbc.calendar__set_param_value( 2, 'days_select_mode', 'multiple' );   _wpbc.calendar__set_param_value( 2, 'fixed__days_num', 0 );   _wpbc.calendar__set_param_value( 2, 'fixed__week_days__start',   [] );   _wpbc.calendar__set_param_value( 2, 'dynamic__days_min', 0 );   _wpbc.calendar__set_param_value( 2, 'dynamic__days_max', 0 );   _wpbc.calendar__set_param_value( 2, 'dynamic__days_specific',    [] );   _wpbc.calendar__set_param_value( 2, 'dynamic__week_days__start', [] );   _wpbc.calendar__set_param_value( 2, 'booking_date_format', 'j M Y' );   _wpbc.calendar__set_param_value( 2, 'booking_time_format', 'H:i' );  _wpbc.set_other_param( 'message_dates_times_unavailable', 'Le date e gli orari indicati in questo calendario sono gi\u00e0 prenotati o non disponibili.' );  _wpbc.set_other_param( 'message_choose_alternative_dates', 'Si prega di scegliere date e orari alternativi o di modificare il numero di prenotati.' );  _wpbc.set_other_param( 'message_cannot_save_in_one_resource', 'It is not possible to store this sequence of the dates into the one same resource.' );   if ( 'function' === typeof ( wpbc__conditions__SAVE_INITIAL__days_selection_params__bm ) ){ wpbc__conditions__SAVE_INITIAL__days_selection_params__bm( 2 ); }   wpbc_calendar_show( '2' );   _wpbc.set_secure_param( 'nonce',   'a97e4ccc98' );   _wpbc.set_secure_param( 'user_id', '0' );   _wpbc.set_secure_param( 'locale',  'it_IT' );  wpbc_calendar__load_data__ajx( {\"resource_id\":2,\"booking_hash\":\"\",\"request_uri\":\"\\\/it\\\/wp-json\\\/wp\\\/v2\\\/pages\\\/54918\",\"custom_form\":\"standard\",\"aggregate_resource_id_str\":\"\",\"aggregate_type\":\"all\"} );  } ); <\/script>[\/vc_column_text][\/vc_column][\/vc_row]<\/p>\n<\/section>","protected":false},"excerpt":{"rendered":"<p>[vc_row row_height_percent=&#8221;0&#8243; override_padding=&#8221;yes&#8221; h_padding=&#8221;1&#8243; top_padding=&#8221;6&#8243; bottom_padding=&#8221;6&#8243; back_color=&#8221;color-lxmt&#8221; back_image=&#8221;54689&#8243; back_position=&#8221;center center&#8221; parallax=&#8221;yes&#8221; overlay_color=&#8221;color-jevc&#8221; overlay_alpha=&#8221;30&#8243; gutter_size=&#8221;100&#8243; shift_y=&#8221;0&#8243; style=&#8221;dark&#8221; row_name=&#8221;Design &amp; Quality&#8221; back_size=&#8221;cover&#8221;][vc_column [&hellip;]<\/p>\n","protected":false},"author":3,"featured_media":0,"parent":0,"menu_order":0,"comment_status":"closed","ping_status":"closed","template":"","meta":{"_acf_changed":false,"footnotes":""},"class_list":["post-54918","page","type-page","status-publish","hentry"],"acf":[],"_links":{"self":[{"href":"https:\/\/lionofveniceapartments.com\/it\/wp-json\/wp\/v2\/pages\/54918","targetHints":{"allow":["GET"]}}],"collection":[{"href":"https:\/\/lionofveniceapartments.com\/it\/wp-json\/wp\/v2\/pages"}],"about":[{"href":"https:\/\/lionofveniceapartments.com\/it\/wp-json\/wp\/v2\/types\/page"}],"author":[{"embeddable":true,"href":"https:\/\/lionofveniceapartments.com\/it\/wp-json\/wp\/v2\/users\/3"}],"replies":[{"embeddable":true,"href":"https:\/\/lionofveniceapartments.com\/it\/wp-json\/wp\/v2\/comments?post=54918"}],"version-history":[{"count":5,"href":"https:\/\/lionofveniceapartments.com\/it\/wp-json\/wp\/v2\/pages\/54918\/revisions"}],"predecessor-version":[{"id":65636,"href":"https:\/\/lionofveniceapartments.com\/it\/wp-json\/wp\/v2\/pages\/54918\/revisions\/65636"}],"wp:attachment":[{"href":"https:\/\/lionofveniceapartments.com\/it\/wp-json\/wp\/v2\/media?parent=54918"}],"curies":[{"name":"wp","href":"https:\/\/api.w.org\/{rel}","templated":true}]}}