{"id":55388,"date":"2017-07-13T11:27:06","date_gmt":"2017-07-13T09:27:06","guid":{"rendered":"http:\/\/www.lionofveniceapartments.com\/it\/?page_id=55388"},"modified":"2024-01-19T17:46:42","modified_gmt":"2024-01-19T16:46:42","slug":"disponibilta","status":"publish","type":"page","link":"https:\/\/lionofveniceapartments.com\/it\/disponibilta\/","title":{"rendered":"Disponibilt\u00e0"},"content":{"rendered":"<section class=\"wpb-content-wrapper\"><p>[vc_row row_height_percent=&#8221;0&#8243; back_image=&#8221;55384&#8243; parallax=&#8221;yes&#8221; overlay_alpha=&#8221;65&#8243; gutter_size=&#8221;3&#8243; shift_y=&#8221;0&#8243;][vc_column width=&#8221;1\/2&#8243;][vc_custom_heading text_color=&#8221;color-xsdn&#8221; heading_semantic=&#8221;h1&#8243; text_font=&#8221;font-202503&#8243; text_size=&#8221;fontsize-155944&#8243; text_weight=&#8221;500&#8243; text_transform=&#8221;uppercase&#8221; separator=&#8221;yes&#8221; sub_lead=&#8221;yes&#8221;]Book Ca&#8217; Cavalli[\/vc_custom_heading][vc_column_text uncode_shortcode_id=&#8221;200822&#8243; el_class=&#8221;ns-booking-form&#8221;] <div id=\"form_id1666345876258\"  class=\"wpbc_container wpbc_container_booking_form  wpdevelop \" ><form  id=\"booking_form3\"   class=\"booking_form vertical\" method=\"post\" action=\"\"><div id=\"ajax_respond_insert3\" class=\"ajax_respond_insert\" style=\"display:none;\"><\/div><div class=\"booking_form_div\"><div class=\"wpbc_calendar_wraper wpbc_change_over_triangle\"><div class=\"bk_calendar_frame wpbc_no_custom_width  months_num_in_row_ cal_month_num_1\" style=\"\"><div id=\"calendar_booking3\">Il calendario \u00e8 in caricamento...<\/div><\/div><textarea id=\"date_booking3\" name=\"date_booking3\" autocomplete=\"off\" style=\"display:none;\"><\/textarea><div class=\"block_hints datepick \"><div class=\"wpdev_hint_with_text\"><div class=\"block_free datepick-days-cell\"><a>&nbsp;<\/a><\/div><div class=\"block_text\">- <\/div><div class=\"block_text\">Available<\/div><\/div><div class=\"wpdev_hint_with_text\"><div class=\"block_booked date_approved\">&nbsp;<\/div><div class=\"block_text\">- <\/div><div class=\"block_text\">Booked<\/div><\/div><div class=\"wpdev_hint_with_text\"><div class=\"block_pending date2approve\">&nbsp;<\/div><div class=\"block_text\">- <\/div><div class=\"block_text\">Pending<\/div><\/div><\/div><\/div><\/div><div style=\"clear:both;height:10px;\"><\/div><a name=\"bklnk3\" id=\"bklnk3\"><\/a><div id=\"booking_form_div3\" class=\"booking_form_div\"><p>Nome*:<br \/><span class=\"wpbc_wrap_text wpdev-form-control-wrap name3\"><input type=\"text\" name=\"name3\" value=\"\" autocomplete=\"name\" class=\"wpdev-validates-as-required\" size=\"40\" \/><\/span><\/p>\r\n     <p>Cognome*:<br \/><span class=\"wpbc_wrap_text wpdev-form-control-wrap secondname3\"><input type=\"text\" name=\"secondname3\" value=\"\" autocomplete=\"secondname\" class=\"wpdev-validates-as-required\" size=\"40\" \/><\/span><\/p>\r\n     <p>Email*:<br \/><span class=\"wpbc_wrap_text wpdev-form-control-wrap email3\"><input type=\"text\" name=\"email3\" value=\"\" autocomplete=\"email\" class=\"wpdev-validates-as-email wpdev-validates-as-required\" size=\"40\" \/><\/span><\/p>\r\n     <p>Numero di persone*:<br \/><span class=\"wpbc_wrap_select wpdev-form-control-wrap visitors3\"><select onchange=\"javascript:if(typeof( showCostHintInsideBkForm ) == 'function') {  showCostHintInsideBkForm(3);}\" name=\"visitors3\" autocomplete=\"visitors\" class=\"wpdev-validates-as-required\"><option value=\"1\">1<\/option><option value=\"2\">2<\/option><option value=\"3\">3<\/option><option value=\"4\">4<\/option><option value=\"5\">5<\/option><option value=\"6\">6<\/option><\/select><\/span><\/p>\r\n     <p>Numero di telefono*:<br \/><span class=\"wpbc_wrap_text wpdev-form-control-wrap phone3\"><input type=\"text\" name=\"phone3\" value=\"\" autocomplete=\"phone\" class=\"wpdev-validates-as-required\" size=\"40\" \/><\/span><\/p>\r\n     <p><input type=\"button\" value=\"Invia richiesta\" class=\"wpbc_button_light btn\" onclick=\"mybooking_submit(this.form,3, 'it_IT' );\" \/><img decoding=\"async\" class=\"ajax-loader\"  style=\"vertical-align:middle;box-shadow:none;width:14px;visibility: hidden;\" alt=\"ajax loader\" src=\"https:\/\/lionofveniceapartments.com\/wp-content\/plugins\/booking.personal.9.9\/assets\/img\/ajax-loader.gif\" \/><\/p>\r\n  <\/div>\r\n<\/div>\r\n<div class=\"wpbc_booking_form_footer\"><\/div><input id=\"bk_type3\" name=\"bk_type3\" class=\"\" type=\"hidden\" value=\"3\" \/><\/div><div id=\"submiting3\"><\/div><div class=\"form_bk_messages\" id=\"form_bk_messages3\" ><\/div><input type=\"hidden\" id=\"wpbc_nonceCALCULATE_THE_COST3\" name=\"wpbc_nonceCALCULATE_THE_COST3\" value=\"c8dc278922\" \/><input type=\"hidden\" name=\"_wp_http_referer\" value=\"\/it\/wp-json\/wp\/v2\/pages\/55388\" \/><\/form><\/div><div id=\"booking_form_garbage3\" class=\"booking_form_garbage\"><\/div><script type=\"text\/javascript\">\n                                jQuery(document).ready( function(){\n                                    jQuery(\".widget_wpdev_booking .booking_form.form-horizontal\").removeClass(\"form-horizontal\");\n                                    var visible_booking_id_on_page_num = visible_booking_id_on_page.length;\n                                    if (visible_booking_id_on_page_num !== null ) {\n                                        for (var i=0;i< visible_booking_id_on_page_num ;i++){\n                                          if ( visible_booking_id_on_page[i]==\"booking_form_div3\" ) {\n                                              document.getElementById(\"form_id1666345876258\").innerHTML = \"<span style='color:#A00;font-size:10px;'>\ufeffAttenzione! il calendario prenotazione per questa risorsa di prenotazione \u00e8 gi\u00e0 nella pagina, per favore controllare di pi\u00f9 su questo problema a questa pagina : https:\/\/wpbookingcalendar.com\/faq\/why-the-booking-calendar-widget-not-show-on-page\/<\/span>\";                                                                                                  \n                                              jQuery(\"#form_id1666345876258\").animate( {opacity: 1}, 10000 ).fadeOut(5000);\n                                              return;\n                                          }\n                                        }\n                                        visible_booking_id_on_page[ visible_booking_id_on_page_num ]=\"booking_form_div3\";\n                                    }\n                                });\n                            <\/script> <script type='text\/javascript'> jQuery(document).ready( function(){  _wpbc.balancer__set_max_threads( 3 );  _wpbc.calendar__set_param_value( 3 , 'calendar_scroll_to' , false );  _wpbc.calendar__set_param_value( 3 , 'booking_max_monthes_in_calendar' , '1y' );  _wpbc.calendar__set_param_value( 3 , 'booking_start_day_weeek' , '1' );  _wpbc.calendar__set_param_value( 3 , 'calendar_number_of_months' , '1' );   _wpbc.calendar__set_param_value( 3, 'days_select_mode', 'multiple' );   _wpbc.calendar__set_param_value( 3, 'fixed__days_num', 0 );   _wpbc.calendar__set_param_value( 3, 'fixed__week_days__start',   [] );   _wpbc.calendar__set_param_value( 3, 'dynamic__days_min', 0 );   _wpbc.calendar__set_param_value( 3, 'dynamic__days_max', 0 );   _wpbc.calendar__set_param_value( 3, 'dynamic__days_specific',    [] );   _wpbc.calendar__set_param_value( 3, 'dynamic__week_days__start', [] );   _wpbc.calendar__set_param_value( 3, 'booking_date_format', 'j M Y' );   _wpbc.calendar__set_param_value( 3, 'booking_time_format', 'H:i' );  _wpbc.set_other_param( 'message_dates_times_unavailable', 'Le date e gli orari indicati in questo calendario sono gi\u00e0 prenotati o non disponibili.' );  _wpbc.set_other_param( 'message_choose_alternative_dates', 'Si prega di scegliere date e orari alternativi o di modificare il numero di prenotati.' );  _wpbc.set_other_param( 'message_cannot_save_in_one_resource', 'It is not possible to store this sequence of the dates into the one same resource.' );   if ( 'function' === typeof ( wpbc__conditions__SAVE_INITIAL__days_selection_params__bm ) ){ wpbc__conditions__SAVE_INITIAL__days_selection_params__bm( 3 ); }   wpbc_calendar_show( '3' );   _wpbc.set_secure_param( 'nonce',   '550c9980a3' );   _wpbc.set_secure_param( 'user_id', '0' );   _wpbc.set_secure_param( 'locale',  'it_IT' );  wpbc_calendar__load_data__ajx( {\"resource_id\":3,\"booking_hash\":\"\",\"request_uri\":\"\\\/it\\\/wp-json\\\/wp\\\/v2\\\/pages\\\/55388\",\"custom_form\":\"standard\",\"aggregate_resource_id_str\":\"\",\"aggregate_type\":\"all\"} );  } ); <\/script>[\/vc_column_text][\/vc_column][vc_column width=&#8221;1\/2&#8243;][vc_custom_heading text_color=&#8221;color-xsdn&#8221; heading_semantic=&#8221;h1&#8243; text_font=&#8221;font-202503&#8243; text_size=&#8221;fontsize-155944&#8243; text_weight=&#8221;500&#8243; text_transform=&#8221;uppercase&#8221; separator=&#8221;yes&#8221; sub_lead=&#8221;yes&#8221;]Book Ca&#8217; Rio Marin[\/vc_custom_heading][vc_column_text uncode_shortcode_id=&#8221;413348&#8243; el_class=&#8221;ns-booking-form&#8221;] <div id=\"form_id1174258661201\"  class=\"wpbc_container wpbc_container_booking_form  wpdevelop \" ><form  id=\"booking_form2\"   class=\"booking_form vertical\" method=\"post\" action=\"\"><div id=\"ajax_respond_insert2\" class=\"ajax_respond_insert\" style=\"display:none;\"><\/div><div class=\"booking_form_div\"><div class=\"wpbc_calendar_wraper wpbc_change_over_triangle\"><div class=\"bk_calendar_frame wpbc_no_custom_width  months_num_in_row_ cal_month_num_1\" style=\"\"><div id=\"calendar_booking2\">Il calendario \u00e8 in caricamento...<\/div><\/div><textarea id=\"date_booking2\" name=\"date_booking2\" autocomplete=\"off\" style=\"display:none;\"><\/textarea><div class=\"block_hints datepick \"><div class=\"wpdev_hint_with_text\"><div class=\"block_free datepick-days-cell\"><a>&nbsp;<\/a><\/div><div class=\"block_text\">- <\/div><div class=\"block_text\">Available<\/div><\/div><div class=\"wpdev_hint_with_text\"><div class=\"block_booked date_approved\">&nbsp;<\/div><div class=\"block_text\">- <\/div><div class=\"block_text\">Booked<\/div><\/div><div class=\"wpdev_hint_with_text\"><div class=\"block_pending date2approve\">&nbsp;<\/div><div class=\"block_text\">- <\/div><div class=\"block_text\">Pending<\/div><\/div><\/div><\/div><\/div><div style=\"clear:both;height:10px;\"><\/div><a name=\"bklnk2\" id=\"bklnk2\"><\/a><div id=\"booking_form_div2\" class=\"booking_form_div\"><p>Nome*:<br \/><span class=\"wpbc_wrap_text wpdev-form-control-wrap name2\"><input type=\"text\" name=\"name2\" value=\"\" autocomplete=\"name\" class=\"wpdev-validates-as-required\" size=\"40\" \/><\/span><\/p>\r\n     <p>Cognome*:<br \/><span class=\"wpbc_wrap_text wpdev-form-control-wrap secondname2\"><input type=\"text\" name=\"secondname2\" value=\"\" autocomplete=\"secondname\" class=\"wpdev-validates-as-required\" size=\"40\" \/><\/span><\/p>\r\n     <p>Email*:<br \/><span class=\"wpbc_wrap_text wpdev-form-control-wrap email2\"><input type=\"text\" name=\"email2\" value=\"\" autocomplete=\"email\" class=\"wpdev-validates-as-email wpdev-validates-as-required\" size=\"40\" \/><\/span><\/p>\r\n     <p>Numero di persone*:<br \/><span class=\"wpbc_wrap_select wpdev-form-control-wrap visitors2\"><select onchange=\"javascript:if(typeof( showCostHintInsideBkForm ) == 'function') {  showCostHintInsideBkForm(2);}\" name=\"visitors2\" autocomplete=\"visitors\" class=\"wpdev-validates-as-required\"><option value=\"1\">1<\/option><option value=\"2\">2<\/option><option value=\"3\">3<\/option><option value=\"4\">4<\/option><option value=\"5\">5<\/option><option value=\"6\">6<\/option><\/select><\/span><\/p>\r\n     <p>Numero di telefono*:<br \/><span class=\"wpbc_wrap_text wpdev-form-control-wrap phone2\"><input type=\"text\" name=\"phone2\" value=\"\" autocomplete=\"phone\" class=\"wpdev-validates-as-required\" size=\"40\" \/><\/span><\/p>\r\n     <p><input type=\"button\" value=\"Invia richiesta\" class=\"wpbc_button_light btn\" onclick=\"mybooking_submit(this.form,2, 'it_IT' );\" \/><img decoding=\"async\" class=\"ajax-loader\"  style=\"vertical-align:middle;box-shadow:none;width:14px;visibility: hidden;\" alt=\"ajax loader\" src=\"https:\/\/lionofveniceapartments.com\/wp-content\/plugins\/booking.personal.9.9\/assets\/img\/ajax-loader.gif\" \/><\/p>\r\n  <\/div>\r\n<\/div>\r\n<div class=\"wpbc_booking_form_footer\"><\/div><input id=\"bk_type2\" name=\"bk_type2\" class=\"\" type=\"hidden\" value=\"2\" \/><\/div><div id=\"submiting2\"><\/div><div class=\"form_bk_messages\" id=\"form_bk_messages2\" ><\/div><input type=\"hidden\" id=\"wpbc_nonceCALCULATE_THE_COST2\" name=\"wpbc_nonceCALCULATE_THE_COST2\" value=\"c8dc278922\" \/><input type=\"hidden\" name=\"_wp_http_referer\" value=\"\/it\/wp-json\/wp\/v2\/pages\/55388\" \/><\/form><\/div><div id=\"booking_form_garbage2\" class=\"booking_form_garbage\"><\/div><script type=\"text\/javascript\">\n                                jQuery(document).ready( function(){\n                                    jQuery(\".widget_wpdev_booking .booking_form.form-horizontal\").removeClass(\"form-horizontal\");\n                                    var visible_booking_id_on_page_num = visible_booking_id_on_page.length;\n                                    if (visible_booking_id_on_page_num !== null ) {\n                                        for (var i=0;i< visible_booking_id_on_page_num ;i++){\n                                          if ( visible_booking_id_on_page[i]==\"booking_form_div2\" ) {\n                                              document.getElementById(\"form_id1174258661201\").innerHTML = \"<span style='color:#A00;font-size:10px;'>\ufeffAttenzione! il calendario prenotazione per questa risorsa di prenotazione \u00e8 gi\u00e0 nella pagina, per favore controllare di pi\u00f9 su questo problema a questa pagina : https:\/\/wpbookingcalendar.com\/faq\/why-the-booking-calendar-widget-not-show-on-page\/<\/span>\";                                                                                                  \n                                              jQuery(\"#form_id1174258661201\").animate( {opacity: 1}, 10000 ).fadeOut(5000);\n                                              return;\n                                          }\n                                        }\n                                        visible_booking_id_on_page[ visible_booking_id_on_page_num ]=\"booking_form_div2\";\n                                    }\n                                });\n                            <\/script> <script type='text\/javascript'> jQuery(document).ready( function(){  _wpbc.balancer__set_max_threads( 3 );  _wpbc.calendar__set_param_value( 2 , 'calendar_scroll_to' , false );  _wpbc.calendar__set_param_value( 2 , 'booking_max_monthes_in_calendar' , '1y' );  _wpbc.calendar__set_param_value( 2 , 'booking_start_day_weeek' , '1' );  _wpbc.calendar__set_param_value( 2 , 'calendar_number_of_months' , '1' );   _wpbc.calendar__set_param_value( 2, 'days_select_mode', 'multiple' );   _wpbc.calendar__set_param_value( 2, 'fixed__days_num', 0 );   _wpbc.calendar__set_param_value( 2, 'fixed__week_days__start',   [] );   _wpbc.calendar__set_param_value( 2, 'dynamic__days_min', 0 );   _wpbc.calendar__set_param_value( 2, 'dynamic__days_max', 0 );   _wpbc.calendar__set_param_value( 2, 'dynamic__days_specific',    [] );   _wpbc.calendar__set_param_value( 2, 'dynamic__week_days__start', [] );   _wpbc.calendar__set_param_value( 2, 'booking_date_format', 'j M Y' );   _wpbc.calendar__set_param_value( 2, 'booking_time_format', 'H:i' );  _wpbc.set_other_param( 'message_dates_times_unavailable', 'Le date e gli orari indicati in questo calendario sono gi\u00e0 prenotati o non disponibili.' );  _wpbc.set_other_param( 'message_choose_alternative_dates', 'Si prega di scegliere date e orari alternativi o di modificare il numero di prenotati.' );  _wpbc.set_other_param( 'message_cannot_save_in_one_resource', 'It is not possible to store this sequence of the dates into the one same resource.' );   if ( 'function' === typeof ( wpbc__conditions__SAVE_INITIAL__days_selection_params__bm ) ){ wpbc__conditions__SAVE_INITIAL__days_selection_params__bm( 2 ); }   wpbc_calendar_show( '2' );   _wpbc.set_secure_param( 'nonce',   '550c9980a3' );   _wpbc.set_secure_param( 'user_id', '0' );   _wpbc.set_secure_param( 'locale',  'it_IT' );  wpbc_calendar__load_data__ajx( {\"resource_id\":2,\"booking_hash\":\"\",\"request_uri\":\"\\\/it\\\/wp-json\\\/wp\\\/v2\\\/pages\\\/55388\",\"custom_form\":\"standard\",\"aggregate_resource_id_str\":\"\",\"aggregate_type\":\"all\"} );  } ); <\/script>[\/vc_column_text][\/vc_column][\/vc_row][vc_row][vc_column width=&#8221;1\/1&#8243;][vc_empty_space empty_h=&#8221;5&#8243;][\/vc_column][\/vc_row]<\/p>\n<\/section>","protected":false},"excerpt":{"rendered":"<p>[vc_row row_height_percent=&#8221;0&#8243; back_image=&#8221;55384&#8243; parallax=&#8221;yes&#8221; overlay_alpha=&#8221;65&#8243; gutter_size=&#8221;3&#8243; shift_y=&#8221;0&#8243;][vc_column width=&#8221;1\/2&#8243;][vc_custom_heading text_color=&#8221;color-xsdn&#8221; heading_semantic=&#8221;h1&#8243; text_font=&#8221;font-202503&#8243; text_size=&#8221;fontsize-155944&#8243; text_weight=&#8221;500&#8243; text_transform=&#8221;uppercase&#8221; separator=&#8221;yes&#8221; sub_lead=&#8221;yes&#8221;]Book Ca&#8217; Cavalli[\/vc_custom_heading][vc_column_text uncode_shortcode_id=&#8221;200822&#8243; el_class=&#8221;ns-booking-form&#8221;][\/vc_column_text][\/vc_column][vc_column [&hellip;]<\/p>\n","protected":false},"author":3,"featured_media":0,"parent":0,"menu_order":0,"comment_status":"closed","ping_status":"closed","template":"","meta":{"_acf_changed":false,"footnotes":""},"class_list":["post-55388","page","type-page","status-publish","hentry"],"acf":[],"_links":{"self":[{"href":"https:\/\/lionofveniceapartments.com\/it\/wp-json\/wp\/v2\/pages\/55388","targetHints":{"allow":["GET"]}}],"collection":[{"href":"https:\/\/lionofveniceapartments.com\/it\/wp-json\/wp\/v2\/pages"}],"about":[{"href":"https:\/\/lionofveniceapartments.com\/it\/wp-json\/wp\/v2\/types\/page"}],"author":[{"embeddable":true,"href":"https:\/\/lionofveniceapartments.com\/it\/wp-json\/wp\/v2\/users\/3"}],"replies":[{"embeddable":true,"href":"https:\/\/lionofveniceapartments.com\/it\/wp-json\/wp\/v2\/comments?post=55388"}],"version-history":[{"count":5,"href":"https:\/\/lionofveniceapartments.com\/it\/wp-json\/wp\/v2\/pages\/55388\/revisions"}],"predecessor-version":[{"id":65701,"href":"https:\/\/lionofveniceapartments.com\/it\/wp-json\/wp\/v2\/pages\/55388\/revisions\/65701"}],"wp:attachment":[{"href":"https:\/\/lionofveniceapartments.com\/it\/wp-json\/wp\/v2\/media?parent=55388"}],"curies":[{"name":"wp","href":"https:\/\/api.w.org\/{rel}","templated":true}]}}